{"id":1371,"date":"2024-07-17T12:36:21","date_gmt":"2024-07-17T04:36:21","guid":{"rendered":"https:\/\/shuaire.co\/?page_id=1371"},"modified":"2024-10-10T22:54:49","modified_gmt":"2024-10-10T14:54:49","slug":"pm","status":"publish","type":"page","link":"https:\/\/aplusiaq.com\/vi\/pm\/","title":{"rendered":"PM2.5 v\u00e0 PM10 l\u00e0 g\u00ec?"},"content":{"rendered":"<div class=\"wp-block-uagb-container uagb-block-a34dff22 alignfull uagb-is-root-container\"><div class=\"uagb-container-inner-blocks-wrap\">\n<div style=\"height:100px\" aria-hidden=\"true\" class=\"wp-block-spacer\"><\/div>\n<\/div><\/div>\n\n\n\n<div class=\"wp-block-uagb-container uagb-block-d0f48159 alignfull uagb-is-root-container\"><div class=\"uagb-container-inner-blocks-wrap\">\n<div class=\"wp-block-uagb-advanced-heading uagb-block-92858fc4\"><h2 class=\"uagb-heading-text\">\u4ec0\u9ebc\u662fPM2.5\u548cPM10\uff1f<\/h2><\/div>\n<\/div><\/div>\n\n\n\n<div class=\"wp-block-uagb-container uagb-block-657406ba alignfull uagb-is-root-container\"><div class=\"uagb-container-inner-blocks-wrap\">\n<pre class=\"wp-block-preformatted has-ast-global-color-6-background-color has-background has-medium-font-size\">PM2.5\u548cPM10\u662f\u5169\u7a2e\u5e38\u898b\u7684\u7a7a\u6c23\u9846\u7c92\u7269\uff0c\u5206\u5225\u6307\u76f4\u5f91\u5c0f\u65bc\u6216\u7b49\u65bc2.5\u5fae\u7c73\u548c10\u5fae\u7c73\u7684\u61f8\u6d6e\u9846\u7c92\u3002\u9019\u4e9b\u9846\u7c92\u7269\u901a\u5e38\u4f86\u81ea\u65bc\u5de5\u696d\u6392\u653e\u3001\u4ea4\u901a\u6c61\u67d3\u3001\u5efa\u7bc9\u5de5\u5730\u63da\u5875\u7b49\u4f86\u6e90\u3002PM2.5\u9846\u7c92\u8f03\u5c0f\uff0c\u80fd\u5920\u6df1\u5165\u5230\u4eba\u9ad4\u7684\u80ba\u90e8\uff0c\u751a\u81f3\u9032\u5165\u8840\u6db2\uff0c\u800cPM10\u96d6\u7136\u7a0d\u5927\u4e00\u4e9b\uff0c\u4f46\u4ecd\u7136\u80fd\u5c0d\u547c\u5438\u7cfb\u7d71\u9020\u6210\u56b4\u91cd\u5f71\u97ff\u3002\u4e86\u89e3\u9019\u5169\u8005\u7684\u5340\u5225\u5c0d\u65bc\u8a8d\u8b58\u5b83\u5011\u5c0d\u5065\u5eb7\u7684\u4e0d\u540c\u5f71\u97ff\u975e\u5e38\u91cd\u8981\u3002<\/pre>\n<\/div><\/div>\n\n\n\n<div class=\"wp-block-uagb-container uagb-block-279401e7 alignfull uagb-is-root-container\"><div class=\"uagb-container-inner-blocks-wrap\">\n<div style=\"height:100px\" aria-hidden=\"true\" class=\"wp-block-spacer\"><\/div>\n<\/div><\/div>\n\n\n\n<div class=\"wp-block-uagb-container uagb-block-80b77e33 alignfull uagb-is-root-container\"><div class=\"uagb-container-inner-blocks-wrap\">\n<div class=\"wp-block-uagb-advanced-heading uagb-block-ce9b175c\"><h4 class=\"uagb-heading-text\">PM2.5\u548cPM10\u5c0d\u5065\u5eb7\u7684\u5371\u5bb3<\/h4><\/div>\n<\/div><\/div>\n\n\n\n<div class=\"wp-block-uagb-container uagb-block-25309b98 alignfull uagb-is-root-container\"><div class=\"uagb-container-inner-blocks-wrap\">\n<pre class=\"wp-block-preformatted has-ast-global-color-6-background-color has-background has-medium-font-size\">\u9577\u671f\u66b4\u9732\u65bc\u9ad8\u6fc3\u5ea6\u7684PM2.5\u548cPM10\u4e2d\uff0c\u53ef\u80fd\u6703\u5f15\u767c\u4e00\u7cfb\u5217\u5065\u5eb7\u554f\u984c\u3002PM2.5\u56e0\u5176\u9846\u7c92\u6975\u5c0f\uff0c\u80fd\u6df1\u5165\u80ba\u6ce1\uff0c\u589e\u52a0\u60a3\u4e0a\u5fc3\u8840\u7ba1\u75be\u75c5\u3001\u547c\u5438\u9053\u75be\u75c5\uff0c\u751a\u81f3\u80ba\u764c\u7684\u98a8\u96aa\u3002\u6b64\u5916\uff0cPM2.5\u9084\u53ef\u80fd\u5f15\u767c\u708e\u75c7\u53cd\u61c9\uff0c\u5f71\u97ff\u4eba\u9ad4\u514d\u75ab\u7cfb\u7d71\u3002PM10\u96d6\u7136\u8f03\u5927\uff0c\u4f46\u5438\u5165\u5f8c\u4ecd\u53ef\u80fd\u5c0e\u81f4\u54ee\u5598\u767c\u4f5c\u3001\u652f\u6c23\u7ba1\u708e\u3001\u80ba\u529f\u80fd\u6e1b\u9000\u7b49\u554f\u984c\u3002\u5152\u7ae5\u3001\u8001\u4eba\u548c\u60a3\u6709\u547c\u5438\u7cfb\u7d71\u75be\u75c5\u7684\u4eba\u7fa4\u5c24\u70ba\u8106\u5f31\uff0c\u61c9\u7279\u5225\u6ce8\u610f\u9632\u7bc4\u3002<\/pre>\n<\/div><\/div>\n\n\n\n<div class=\"wp-block-uagb-container uagb-block-126b58a4 alignfull uagb-is-root-container\"><div class=\"uagb-container-inner-blocks-wrap\">\n<div style=\"height:100px\" aria-hidden=\"true\" class=\"wp-block-spacer\"><\/div>\n<\/div><\/div>\n\n\n\n<div class=\"wp-block-uagb-container uagb-block-5526fd62 alignfull uagb-is-root-container\"><div class=\"uagb-container-inner-blocks-wrap\">\n<div class=\"wp-block-uagb-advanced-heading uagb-block-b496d204\"><h4 class=\"uagb-heading-text\">\u65e5\u5e38\u751f\u6d3b\u4e2dPM2.5\u548cPM10\u7684\u4f86\u6e90<\/h4><\/div>\n<\/div><\/div>\n\n\n\n<div class=\"wp-block-uagb-container uagb-block-4e45727d alignfull uagb-is-root-container\"><div class=\"uagb-container-inner-blocks-wrap\">\n<pre class=\"wp-block-preformatted has-ast-global-color-6-background-color has-background has-medium-font-size\">PM2.5\u548cPM10\u5728\u6211\u5011\u7684\u751f\u6d3b\u4e2d\u7121\u8655\u4e0d\u5728\uff0c\u5c24\u5176\u662f\u5728\u57ce\u5e02\u74b0\u5883\u4e2d\u66f4\u70ba\u5e38\u898b\u3002\u4ea4\u901a\u5de5\u5177\u7684\u5c3e\u6c23\u3001\u5de5\u5ee0\u7684\u6392\u653e\u3001\u51ac\u5b63\u53d6\u6696\u6240\u7522\u751f\u7684\u7159\u9727\uff0c\u751a\u81f3\u662f\u65e5\u5e38\u7684\u70f9\u98ea\uff0c\u90fd\u53ef\u80fd\u662f\u9019\u4e9b\u6709\u5bb3\u9846\u7c92\u7684\u4f86\u6e90\u3002\u5ba4\u5167\u74b0\u5883\u4e2d\uff0c\u5438\u7159\u3001\u4f7f\u7528\u71c3\u6c23\u7210\u7b49\u4e5f\u6703\u91cb\u653e\u5927\u91cf\u7684PM2.5\u548cPM10\uff0c\u5c0e\u81f4\u5ba4\u5167\u7a7a\u6c23\u8cea\u91cf\u4e0b\u964d\uff0c\u9032\u800c\u5c0d\u5065\u5eb7\u69cb\u6210\u5a01\u8105\u3002<\/pre>\n<\/div><\/div>\n\n\n\n<div class=\"wp-block-uagb-container uagb-block-34ee7d3e alignfull uagb-is-root-container\"><div class=\"uagb-container-inner-blocks-wrap\">\n<div style=\"height:100px\" aria-hidden=\"true\" class=\"wp-block-spacer\"><\/div>\n<\/div><\/div>\n\n\n\n<div class=\"wp-block-uagb-container uagb-block-28671a72 alignfull uagb-is-root-container\"><div class=\"uagb-container-inner-blocks-wrap\">\n<div class=\"wp-block-uagb-advanced-heading uagb-block-e7b69dc2\"><h4 class=\"uagb-heading-text\">\u5982\u4f55\u6e1b\u5c11PM2.5\u548cPM10\u7684\u5f71\u97ff\uff1f<\/h4><\/div>\n<\/div><\/div>\n\n\n\n<div class=\"wp-block-uagb-container uagb-block-0aabd857 alignfull uagb-is-root-container\"><div class=\"uagb-container-inner-blocks-wrap\">\n<pre class=\"wp-block-preformatted has-ast-global-color-6-background-color has-background has-medium-font-size\">\u8981\u6709\u6548\u6e1b\u5c11PM2.5\u548cPM10\u5c0d\u5065\u5eb7\u7684\u5f71\u97ff\uff0c\u9996\u5148\u61c9\u8a72\u76e1\u91cf\u907f\u514d\u5728\u7a7a\u6c23\u8cea\u91cf\u5dee\u7684\u6642\u5019\u9032\u884c\u6236\u5916\u6d3b\u52d5\uff0c\u5c24\u5176\u662f\u904b\u52d5\u3002\u4f7f\u7528\u7a7a\u6c23\u6de8\u5316\u5668\u4f86\u6539\u5584\u5ba4\u5167\u7a7a\u6c23\u8cea\u91cf\u4e5f\u662f\u4e00\u500b\u6709\u6548\u7684\u8fa6\u6cd5\u3002\u9078\u64c7\u5408\u9069\u7684\u53e3\u7f69\uff08\u5982N95\u53e3\u7f69\uff09\u5728\u5fc5\u8981\u6642\u4f69\u6234\uff0c\u80fd\u6709\u6548\u963b\u64cb\u9019\u4e9b\u9846\u7c92\u7269\u7684\u5438\u5165\u3002\u6700\u5f8c\uff0c\u4e86\u89e3\u4e26\u9075\u5b88\u7576\u5730\u7684\u7a7a\u6c23\u8cea\u91cf\u9810\u5831\uff0c\u53ca\u6642\u8abf\u6574\u81ea\u5df1\u7684\u6d3b\u52d5\u8a08\u5283\uff0c\u4ee5\u6e1b\u5c11\u66b4\u9732\u5728\u6709\u5bb3\u9846\u7c92\u7269\u4e2d\u7684\u98a8\u96aa\u3002<\/pre>\n<\/div><\/div>\n\n\n\n<div class=\"wp-block-uagb-container uagb-block-e8c8709f alignfull uagb-is-root-container\"><div class=\"uagb-container-inner-blocks-wrap\">\n<div style=\"height:100px\" aria-hidden=\"true\" class=\"wp-block-spacer\"><\/div>\n<\/div><\/div>","protected":false},"excerpt":{"rendered":"<p>\u4ec0\u9ebc\u662fPM2.5\u548cPM10\uff1f PM2.5\u548cPM10\u662f\u5169\u7a2e\u5e38\u898b\u7684\u7a7a\u6c23\u9846\u7c92\u7269\uff0c\u5206\u5225\u6307\u76f4\u5f91\u5c0f\u65bc\u6216\u7b49\u65bc2.5\u5fae\u7c73\u548c10 [&hellip;]<\/p>\n","protected":false},"author":1,"featured_media":0,"parent":0,"menu_order":0,"comment_status":"closed","ping_status":"closed","template":"","meta":{"_uag_custom_page_level_css":"","_monsterinsights_skip_tracking":false,"_monsterinsights_sitenote_active":false,"_monsterinsights_sitenote_note":"","_monsterinsights_sitenote_category":0,"site-sidebar-layout":"default","site-content-layout":"","ast-site-content-layout":"full-width-container","site-content-style":"default","site-sidebar-style":"default","ast-global-header-display":"","ast-banner-title-visibility":"","ast-main-header-display":"","ast-hfb-above-header-display":"","ast-hfb-below-header-display":"","ast-hfb-mobile-header-display":"","site-post-title":"disabled","ast-breadcrumbs-content":"","ast-featured-img":"","footer-sml-layout":"","ast-disable-related-posts":"","theme-transparent-header-meta":"","adv-header-id-meta":"","stick-header-meta":"","header-above-stick-meta":"","header-main-stick-meta":"","header-below-stick-meta":"","astra-migrate-meta-layouts":"set","ast-page-background-enabled":"default","ast-page-background-meta":{"desktop":{"background-color":"","background-image":"","background-repeat":"repeat","background-position":"center center","background-size":"auto","background-attachment":"scroll","background-type":"","background-media":"","overlay-type":"","overlay-color":"","overlay-opacity":"","overlay-gradient":""},"tablet":{"background-color":"","background-image":"","background-repeat":"repeat","background-position":"center center","background-size":"auto","background-attachment":"scroll","background-type":"","background-media":"","overlay-type":"","overlay-color":"","overlay-opacity":"","overlay-gradient":""},"mobile":{"background-color":"","background-image":"","background-repeat":"repeat","background-position":"center center","background-size":"auto","background-attachment":"scroll","background-type":"","background-media":"","overlay-type":"","overlay-color":"","overlay-opacity":"","overlay-gradient":""}},"ast-content-background-meta":{"desktop":{"background-color":"var(--ast-global-color-4)","background-image":"","background-repeat":"repeat","background-position":"center center","background-size":"auto","background-attachment":"scroll","background-type":"","background-media":"","overlay-type":"","overlay-color":"","overlay-opacity":"","overlay-gradient":""},"tablet":{"background-color":"var(--ast-global-color-4)","background-image":"","background-repeat":"repeat","background-position":"center center","background-size":"auto","background-attachment":"scroll","background-type":"","background-media":"","overlay-type":"","overlay-color":"","overlay-opacity":"","overlay-gradient":""},"mobile":{"background-color":"var(--ast-global-color-4)","background-image":"","background-repeat":"repeat","background-position":"center center","background-size":"auto","background-attachment":"scroll","background-type":"","background-media":"","overlay-type":"","overlay-color":"","overlay-opacity":"","overlay-gradient":""}},"footnotes":""},"class_list":["post-1371","page","type-page","status-publish","hentry"],"aioseo_notices":[],"uagb_featured_image_src":{"full":false,"thumbnail":false,"medium":false,"medium_large":false,"large":false,"1536x1536":false,"2048x2048":false,"trp-custom-language-flag":false},"uagb_author_info":{"display_name":"Liyu","author_link":"https:\/\/aplusiaq.com\/vi\/author\/liyu\/"},"uagb_comment_info":0,"uagb_excerpt":"\u4ec0\u9ebc\u662fPM2.5\u548cPM10\uff1f PM2.5\u548cPM10\u662f\u5169\u7a2e\u5e38\u898b\u7684\u7a7a\u6c23\u9846\u7c92\u7269\uff0c\u5206\u5225\u6307\u76f4\u5f91\u5c0f\u65bc\u6216\u7b49\u65bc2.5\u5fae\u7c73\u548c10&hellip;","_links":{"self":[{"href":"https:\/\/aplusiaq.com\/vi\/wp-json\/wp\/v2\/pages\/1371","targetHints":{"allow":["GET"]}}],"collection":[{"href":"https:\/\/aplusiaq.com\/vi\/wp-json\/wp\/v2\/pages"}],"about":[{"href":"https:\/\/aplusiaq.com\/vi\/wp-json\/wp\/v2\/types\/page"}],"author":[{"embeddable":true,"href":"https:\/\/aplusiaq.com\/vi\/wp-json\/wp\/v2\/users\/1"}],"replies":[{"embeddable":true,"href":"https:\/\/aplusiaq.com\/vi\/wp-json\/wp\/v2\/comments?post=1371"}],"version-history":[{"count":9,"href":"https:\/\/aplusiaq.com\/vi\/wp-json\/wp\/v2\/pages\/1371\/revisions"}],"predecessor-version":[{"id":1767,"href":"https:\/\/aplusiaq.com\/vi\/wp-json\/wp\/v2\/pages\/1371\/revisions\/1767"}],"wp:attachment":[{"href":"https:\/\/aplusiaq.com\/vi\/wp-json\/wp\/v2\/media?parent=1371"}],"curies":[{"name":"wp","href":"https:\/\/api.w.org\/{rel}","templated":true}]}}