{"id":1373,"date":"2024-07-17T12:36:21","date_gmt":"2024-07-17T04:36:21","guid":{"rendered":"https:\/\/shuaire.co\/?page_id=1373"},"modified":"2024-10-10T23:00:22","modified_gmt":"2024-10-10T15:00:22","slug":"co2","status":"publish","type":"page","link":"https:\/\/aplusiaq.com\/vi\/co2\/","title":{"rendered":"Kh\u00ed carbon dioxide (CO2) l\u00e0 g\u00ec?"},"content":{"rendered":"<p><\/p>\n\n\n\n<div class=\"wp-block-uagb-container uagb-block-da31c3fb alignfull uagb-is-root-container\"><div class=\"uagb-container-inner-blocks-wrap\">\n<div style=\"height:100px\" aria-hidden=\"true\" class=\"wp-block-spacer\"><\/div>\n<\/div><\/div>\n\n\n\n<div class=\"wp-block-uagb-container uagb-block-55c90fdb alignfull uagb-is-root-container\"><div class=\"uagb-container-inner-blocks-wrap\">\n<div class=\"wp-block-uagb-advanced-heading uagb-block-482e870f\"><h2 class=\"uagb-heading-text\">Kh\u00ed carbon dioxide (CO2) l\u00e0 g\u00ec?<\/h2><\/div>\n<\/div><\/div>\n\n\n\n<div class=\"wp-block-uagb-container uagb-block-e6474783 alignfull uagb-is-root-container\"><div class=\"uagb-container-inner-blocks-wrap\">\n<pre class=\"wp-block-preformatted has-ast-global-color-6-background-color has-background has-medium-font-size\">\u4e8c\u6c27\u5316\u78b3\uff08CO2\uff09\u662f\u4e00\u7a2e\u7121\u8272\u7121\u5473\u7684\u6c23\u9ad4\uff0c\u662f\u81ea\u7136\u754c\u4e2d\u5e38\u898b\u7684\u5316\u5b78\u7269\u8cea\u4e4b\u4e00\u3002\u5b83\u5728\u81ea\u7136\u754c\u4e2d\u4e3b\u8981\u901a\u904e\u547c\u5438\u3001\u706b\u5c71\u6d3b\u52d5\u548c\u6709\u6a5f\u7269\u7684\u5206\u89e3\u7522\u751f\u3002\u6b64\u5916\uff0c\u4e8c\u6c27\u5316\u78b3\u4e5f\u662f\u4eba\u985e\u6d3b\u52d5\u7684\u526f\u7522\u54c1\uff0c\u4f8b\u5982\u71c3\u71d2\u5316\u77f3\u71c3\u6599\u3001\u5de5\u696d\u751f\u7522\u548c\u4ea4\u901a\u904b\u8f38\u7b49\u3002\u9019\u4e9b\u6d3b\u52d5\u5927\u5e45\u589e\u52a0\u4e86\u5927\u6c23\u4e2d\u7684\u4e8c\u6c27\u5316\u78b3\u6fc3\u5ea6\uff0c\u5c0d\u74b0\u5883\u548c\u4eba\u985e\u5065\u5eb7\u7522\u751f\u4e86\u6df1\u9060\u5f71\u97ff\u3002<\/pre>\n<\/div><\/div>\n\n\n\n<div class=\"wp-block-uagb-container uagb-block-73d02785 alignfull uagb-is-root-container\"><div class=\"uagb-container-inner-blocks-wrap\">\n<div style=\"height:100px\" aria-hidden=\"true\" class=\"wp-block-spacer\"><\/div>\n<\/div><\/div>\n\n\n\n<div class=\"wp-block-uagb-container uagb-block-73061a58 alignfull uagb-is-root-container\"><div class=\"uagb-container-inner-blocks-wrap\">\n<div class=\"wp-block-uagb-advanced-heading uagb-block-f66451a9\"><h4 class=\"uagb-heading-text\">\u4e8c\u6c27\u5316\u78b3\u5c0d\u5065\u5eb7\u7684\u5f71\u97ff<\/h4><\/div>\n<\/div><\/div>\n\n\n\n<div class=\"wp-block-uagb-container uagb-block-13ab1651 alignfull uagb-is-root-container\"><div class=\"uagb-container-inner-blocks-wrap\">\n<pre class=\"wp-block-preformatted has-ast-global-color-6-background-color has-background has-medium-font-size\">\u5118\u7ba1\u4e8c\u6c27\u5316\u78b3\u672c\u8eab\u4e0d\u662f\u6709\u6bd2\u6c23\u9ad4\uff0c\u4f46\u5728\u9ad8\u6fc3\u5ea6\u7684\u60c5\u6cc1\u4e0b\uff0c\u6703\u5c0d\u4eba\u9ad4\u5065\u5eb7\u9020\u6210\u4e0d\u826f\u5f71\u97ff\u3002\u7576\u5ba4\u5167\u4e8c\u6c27\u5316\u78b3\u6fc3\u5ea6\u904e\u9ad8\u6642\uff0c\u53ef\u80fd\u5c0e\u81f4\u982d\u75db\u3001\u982d\u6688\u3001\u6ce8\u610f\u529b\u4e0d\u96c6\u4e2d\u548c\u75b2\u52de\u7b49\u75c7\u72c0\uff0c\u9019\u662f\u56e0\u70ba\u4e8c\u6c27\u5316\u78b3\u6703\u6e1b\u5c11\u5ba4\u5167\u6c27\u6c23\u6fc3\u5ea6\uff0c\u5f71\u97ff\u4eba\u9ad4\u7684\u6b63\u5e38\u547c\u5438\u529f\u80fd\u3002\u9577\u671f\u66b4\u9732\u5728\u9ad8\u6fc3\u5ea6\u4e8c\u6c27\u5316\u78b3\u7684\u74b0\u5883\u4e2d\uff0c\u53ef\u80fd\u5c0d\u5fc3\u8840\u7ba1\u7cfb\u7d71\u548c\u795e\u7d93\u7cfb\u7d71\u7522\u751f\u66f4\u56b4\u91cd\u7684\u5f71\u97ff\uff0c\u7279\u5225\u662f\u5728\u901a\u98a8\u4e0d\u826f\u7684\u5bc6\u9589\u7a7a\u9593\u4e2d\uff0c\u5371\u5bb3\u66f4\u70ba\u986f\u8457\u3002<\/pre>\n<\/div><\/div>\n\n\n\n<div class=\"wp-block-uagb-container uagb-block-7cc36131 alignfull uagb-is-root-container\"><div class=\"uagb-container-inner-blocks-wrap\">\n<div style=\"height:100px\" aria-hidden=\"true\" class=\"wp-block-spacer\"><\/div>\n<\/div><\/div>\n\n\n\n<div class=\"wp-block-uagb-container uagb-block-944fb79c alignfull uagb-is-root-container\"><div class=\"uagb-container-inner-blocks-wrap\">\n<div class=\"wp-block-uagb-advanced-heading uagb-block-37551dbf\"><h4 class=\"uagb-heading-text\">\u4e8c\u6c27\u5316\u78b3\u5c0d\u74b0\u5883\u7684\u5f71\u97ff<\/h4><\/div>\n<\/div><\/div>\n\n\n\n<div class=\"wp-block-uagb-container uagb-block-c5b50be9 alignfull uagb-is-root-container\"><div class=\"uagb-container-inner-blocks-wrap\">\n<pre class=\"wp-block-preformatted has-ast-global-color-6-background-color has-background has-medium-font-size\">\u4e8c\u6c27\u5316\u78b3\u4f5c\u70ba\u4e3b\u8981\u7684\u6eab\u5ba4\u6c23\u9ad4\u4e4b\u4e00\uff0c\u5c0d\u5168\u7403\u6c23\u5019\u8b8a\u5316\u7684\u5f71\u97ff\u5c24\u70ba\u7a81\u51fa\u3002\u904e\u91cf\u7684\u4e8c\u6c27\u5316\u78b3\u6392\u653e\u5c0e\u81f4\u4e86\u6eab\u5ba4\u6548\u61c9\u7684\u52a0\u5287\uff0c\u9032\u800c\u5f15\u767c\u5168\u7403\u6c23\u6eab\u4e0a\u5347\u3001\u6975\u7aef\u5929\u6c23\u589e\u591a\u548c\u6d77\u5e73\u9762\u4e0a\u5347\u7b49\u4e00\u7cfb\u5217\u74b0\u5883\u554f\u984c\u3002\u9019\u4e9b\u74b0\u5883\u8b8a\u5316\u4e0d\u50c5\u5f71\u97ff\u4e86\u751f\u614b\u7cfb\u7d71\u7684\u7a69\u5b9a\u6027\uff0c\u9084\u5c0d\u4eba\u985e\u7684\u751f\u5b58\u548c\u767c\u5c55\u69cb\u6210\u4e86\u5de8\u5927\u6311\u6230\u3002<\/pre>\n<\/div><\/div>\n\n\n\n<div class=\"wp-block-uagb-container uagb-block-58b55c3b alignfull uagb-is-root-container\"><div class=\"uagb-container-inner-blocks-wrap\">\n<div style=\"height:100px\" aria-hidden=\"true\" class=\"wp-block-spacer\"><\/div>\n<\/div><\/div>\n\n\n\n<div class=\"wp-block-uagb-container uagb-block-f87a0369 alignfull uagb-is-root-container\"><div class=\"uagb-container-inner-blocks-wrap\">\n<div class=\"wp-block-uagb-advanced-heading uagb-block-1229a0f1\"><h4 class=\"uagb-heading-text\">\u5982\u4f55\u6e1b\u5c11\u4e8c\u6c27\u5316\u78b3\u7684\u5f71\u97ff\uff1f<\/h4><\/div>\n<\/div><\/div>\n\n\n\n<div class=\"wp-block-uagb-container uagb-block-bb6939e4 alignfull uagb-is-root-container\"><div class=\"uagb-container-inner-blocks-wrap\">\n<pre class=\"wp-block-preformatted has-ast-global-color-6-background-color has-background has-medium-font-size\">\u70ba\u4e86\u6e1b\u5c11\u4e8c\u6c27\u5316\u78b3\u5c0d\u5065\u5eb7\u548c\u74b0\u5883\u7684\u5f71\u97ff\uff0c\u6211\u5011\u53ef\u4ee5\u63a1\u53d6\u591a\u7a2e\u63aa\u65bd\u3002\u9996\u5148\uff0c\u61c9\u8a72\u7a4d\u6975\u6539\u5584\u5ba4\u5167\u901a\u98a8\uff0c\u78ba\u4fdd\u7a7a\u6c23\u6d41\u901a\uff0c\u6e1b\u5c11\u4e8c\u6c27\u5316\u78b3\u7684\u7a4d\u7d2f\u3002\u5176\u6b21\uff0c\u5728\u65e5\u5e38\u751f\u6d3b\u4e2d\uff0c\u53ef\u4ee5\u901a\u904e\u9078\u64c7\u7da0\u8272\u4ea4\u901a\u5de5\u5177\u3001\u7bc0\u7d04\u80fd\u6e90\u548c\u4f7f\u7528\u53ef\u518d\u751f\u80fd\u6e90\u7b49\u65b9\u5f0f\uff0c\u6e1b\u5c11\u4e8c\u6c27\u5316\u78b3\u7684\u6392\u653e\u3002\u6b64\u5916\uff0c\u7a2e\u690d\u66f4\u591a\u7684\u6a39\u6728\u548c\u690d\u88ab\uff0c\u4fc3\u9032\u4e8c\u6c27\u5316\u78b3\u7684\u5438\u6536\uff0c\u4e5f\u662f\u6e1b\u7de9\u5168\u7403\u4e8c\u6c27\u5316\u78b3\u6fc3\u5ea6\u4e0a\u5347\u7684\u91cd\u8981\u624b\u6bb5\u3002<\/pre>\n<\/div><\/div>\n\n\n\n<div class=\"wp-block-uagb-container uagb-block-396eb951 alignfull uagb-is-root-container\"><div class=\"uagb-container-inner-blocks-wrap\">\n<div style=\"height:100px\" aria-hidden=\"true\" class=\"wp-block-spacer\"><\/div>\n<\/div><\/div>","protected":false},"excerpt":{"rendered":"<p>\u4ec0\u9ebc\u662f\u4e8c\u6c27\u5316\u78b3(CO2)\uff1f \u4e8c\u6c27\u5316\u78b3\uff08CO2\uff09\u662f\u4e00\u7a2e\u7121\u8272\u7121\u5473\u7684\u6c23\u9ad4\uff0c\u662f\u81ea\u7136\u754c\u4e2d\u5e38\u898b\u7684\u5316\u5b78\u7269\u8cea\u4e4b\u4e00\u3002\u5b83\u5728\u81ea\u7136\u754c\u4e2d [&hellip;]<\/p>\n","protected":false},"author":1,"featured_media":0,"parent":0,"menu_order":0,"comment_status":"closed","ping_status":"closed","template":"","meta":{"_uag_custom_page_level_css":"","_monsterinsights_skip_tracking":false,"_monsterinsights_sitenote_active":false,"_monsterinsights_sitenote_note":"","_monsterinsights_sitenote_category":0,"site-sidebar-layout":"default","site-content-layout":"","ast-site-content-layout":"full-width-container","site-content-style":"default","site-sidebar-style":"default","ast-global-header-display":"","ast-banner-title-visibility":"","ast-main-header-display":"","ast-hfb-above-header-display":"","ast-hfb-below-header-display":"","ast-hfb-mobile-header-display":"","site-post-title":"disabled","ast-breadcrumbs-content":"","ast-featured-img":"","footer-sml-layout":"","ast-disable-related-posts":"","theme-transparent-header-meta":"","adv-header-id-meta":"","stick-header-meta":"","header-above-stick-meta":"","header-main-stick-meta":"","header-below-stick-meta":"","astra-migrate-meta-layouts":"set","ast-page-background-enabled":"default","ast-page-background-meta":{"desktop":{"background-color":"","background-image":"","background-repeat":"repeat","background-position":"center center","background-size":"auto","background-attachment":"scroll","background-type":"","background-media":"","overlay-type":"","overlay-color":"","overlay-opacity":"","overlay-gradient":""},"tablet":{"background-color":"","background-image":"","background-repeat":"repeat","background-position":"center center","background-size":"auto","background-attachment":"scroll","background-type":"","background-media":"","overlay-type":"","overlay-color":"","overlay-opacity":"","overlay-gradient":""},"mobile":{"background-color":"","background-image":"","background-repeat":"repeat","background-position":"center center","background-size":"auto","background-attachment":"scroll","background-type":"","background-media":"","overlay-type":"","overlay-color":"","overlay-opacity":"","overlay-gradient":""}},"ast-content-background-meta":{"desktop":{"background-color":"var(--ast-global-color-4)","background-image":"","background-repeat":"repeat","background-position":"center center","background-size":"auto","background-attachment":"scroll","background-type":"","background-media":"","overlay-type":"","overlay-color":"","overlay-opacity":"","overlay-gradient":""},"tablet":{"background-color":"var(--ast-global-color-4)","background-image":"","background-repeat":"repeat","background-position":"center center","background-size":"auto","background-attachment":"scroll","background-type":"","background-media":"","overlay-type":"","overlay-color":"","overlay-opacity":"","overlay-gradient":""},"mobile":{"background-color":"var(--ast-global-color-4)","background-image":"","background-repeat":"repeat","background-position":"center center","background-size":"auto","background-attachment":"scroll","background-type":"","background-media":"","overlay-type":"","overlay-color":"","overlay-opacity":"","overlay-gradient":""}},"footnotes":""},"class_list":["post-1373","page","type-page","status-publish","hentry"],"aioseo_notices":[],"uagb_featured_image_src":{"full":false,"thumbnail":false,"medium":false,"medium_large":false,"large":false,"1536x1536":false,"2048x2048":false,"trp-custom-language-flag":false},"uagb_author_info":{"display_name":"Liyu","author_link":"https:\/\/aplusiaq.com\/vi\/author\/liyu\/"},"uagb_comment_info":0,"uagb_excerpt":"\u4ec0\u9ebc\u662f\u4e8c\u6c27\u5316\u78b3(CO2)\uff1f \u4e8c\u6c27\u5316\u78b3\uff08CO2\uff09\u662f\u4e00\u7a2e\u7121\u8272\u7121\u5473\u7684\u6c23\u9ad4\uff0c\u662f\u81ea\u7136\u754c\u4e2d\u5e38\u898b\u7684\u5316\u5b78\u7269\u8cea\u4e4b\u4e00\u3002\u5b83\u5728\u81ea\u7136\u754c\u4e2d&hellip;","_links":{"self":[{"href":"https:\/\/aplusiaq.com\/vi\/wp-json\/wp\/v2\/pages\/1373","targetHints":{"allow":["GET"]}}],"collection":[{"href":"https:\/\/aplusiaq.com\/vi\/wp-json\/wp\/v2\/pages"}],"about":[{"href":"https:\/\/aplusiaq.com\/vi\/wp-json\/wp\/v2\/types\/page"}],"author":[{"embeddable":true,"href":"https:\/\/aplusiaq.com\/vi\/wp-json\/wp\/v2\/users\/1"}],"replies":[{"embeddable":true,"href":"https:\/\/aplusiaq.com\/vi\/wp-json\/wp\/v2\/comments?post=1373"}],"version-history":[{"count":8,"href":"https:\/\/aplusiaq.com\/vi\/wp-json\/wp\/v2\/pages\/1373\/revisions"}],"predecessor-version":[{"id":1774,"href":"https:\/\/aplusiaq.com\/vi\/wp-json\/wp\/v2\/pages\/1373\/revisions\/1774"}],"wp:attachment":[{"href":"https:\/\/aplusiaq.com\/vi\/wp-json\/wp\/v2\/media?parent=1373"}],"curies":[{"name":"wp","href":"https:\/\/api.w.org\/{rel}","templated":true}]}}